{"id":109,"date":"2014-09-21T22:03:34","date_gmt":"2014-09-21T20:03:34","guid":{"rendered":"http:\/\/machtum-entente.lu\/wp\/?page_id=109"},"modified":"2026-03-11T12:20:48","modified_gmt":"2026-03-11T10:20:48","slug":"109-2","status":"publish","type":"page","link":"https:\/\/machtum-entente.lu\/?page_id=109","title":{"rendered":"EIS W\u00cbNZER"},"content":{"rendered":"<h5><a href=\"https:\/\/www.vinsmoselle.lu\/de\"><img decoding=\"async\" loading=\"lazy\" class=\"wp-image-1351 aligncenter\" src=\"https:\/\/machtum-entente.lu\/wp\/wp-content\/uploads\/2026\/03\/vinsmoselle-300x172.png\" alt=\"\" width=\"218\" height=\"125\" srcset=\"https:\/\/machtum-entente.lu\/wp\/wp-content\/uploads\/2026\/03\/vinsmoselle-300x172.png 300w, https:\/\/machtum-entente.lu\/wp\/wp-content\/uploads\/2026\/03\/vinsmoselle-1024x589.png 1024w, https:\/\/machtum-entente.lu\/wp\/wp-content\/uploads\/2026\/03\/vinsmoselle-768x442.png 768w, https:\/\/machtum-entente.lu\/wp\/wp-content\/uploads\/2026\/03\/vinsmoselle.png 1108w\" sizes=\"(max-width: 218px) 100vw, 218px\" \/><\/a><\/h5>\n<h5>Domaines Vinsmoselle gouf am Joer 1966 gegr\u00ebnnt. Mat enger Ubaufl\u00e4ch vun iwwer 800 Hektar an engem Undeel vun ongef\u00e9ier zwee Dr\u00ebttel vun der nationaler W\u00e4inproduktioun ass Domaines Vinsmoselle mat Ofstand de wichtegste Produzent vu W\u00e4in a Cr\u00e9mant de Luxembourg am Luxembourg. Duerch d\u2019Villfalt vun de verschiddene W\u00e9ngerten an dat staarkt kulturellt Engagement an der Regioun kann Domaines Vinsmoselle mat Recht als Ambassadeur vun der l\u00ebtzebuergescher Muselregioun bezeechent ginn.<\/h5>\n<h5><em><span style=\"color: #999999;\">Domaines Vinsmoselle was founded in 1966. With a vineyard area of more than 800 hectares and producing approximately two-thirds of the national wine production, Domaines Vinsmoselle is by far the most important producer of wine and Cr\u00e9mant de Luxembourg in the Luxembourg.<\/span><\/em><br data-start=\"413\" data-end=\"416\" \/><em><span style=\"color: #999999;\">Due to the diversity of its different vineyard sites and its strong cultural engagement in the region, Domaines Vinsmoselle can certainly be considered an ambassador of the Luxembourg Moselle region.<\/span><\/em><\/h5>\n<hr \/>\n<h5 style=\"text-align: left;\"><a href=\"http:\/\/www.caves-schlink.lu\/index.php?lang=de\" target=\"_blank\" rel=\"noopener\"><img decoding=\"async\" loading=\"lazy\" class=\"wp-image-116 aligncenter\" src=\"https:\/\/machtum-entente.lu\/wp\/wp-content\/uploads\/2014\/09\/Logo_caves_Schlink.png\" alt=\"Logo_caves_Schlink\" width=\"133\" height=\"100\" \/><\/a><\/h5>\n<h5 data-start=\"629\" data-end=\"1197\">De W\u00ebnzerbetrieb Schlink Domaine Viticole un der l\u00ebtzebuergescher Musel besteet zanter 1911. De Ren\u00e9 Schlink huet 1993 de W\u00ebnzerbetrib vum Jean Schlink-Hoffeld iwwerholl. No senger Ausbildung als W\u00e9ngertstechniker zu Avize(Champagne) an zu Bad Kreuznach (Rheinland) schafft och Jean\u2011Marc Schlink am Familljebetrib. Zesumme mat Beruffskolleegen gouf 2007 d\u2019W\u00e4insigel Charta der Privatwinzer agefouert.<\/h5>\n<h5 data-start=\"1199\" data-end=\"1540\">D\u2019Spezialit\u00e9ite vum Schlink Domaine Viticole sinn dr\u00e9che W\u00e4issw\u00e4iner, Ros\u00e9- a Routw\u00e4iner souw\u00e9i Cr\u00e9mant de Luxembourg. An der \u201eW\u00e4istuff Deisermill\u201c mat enger pittoresker Vue op d\u2019Machtumer Moselschleife kann de Gaascht e Glas W\u00e4in oder Cr\u00e9mant gen\u00e9issen oder eng W\u00e4inprouf mat engem W\u00ebnzerteller ofr\u00ebnnen.<\/h5>\n<h5 data-start=\"626\" data-end=\"1091\"><span style=\"color: #999999;\"><em>The winery Schlink Domaine Viticole on the Luxembourg Moselle has existed since 1911. Ren\u00e9 Schlink took over the winery in 1993 from Jean Schlink-Hoffeld. After completing his training as a wine technician in Avize (Champagne) and Bad Kreuznach (Rhineland), Jean\u2011Marc Schlink began working in the family business.<\/em><\/span><\/h5>\n<h5 data-start=\"1093\" data-end=\"1344\"><span style=\"color: #999999;\"><em>Together with colleagues, the Charta der Privatwinzer wine quality label was introduced in 2007. The specialties of Schlink Domaine Viticole include dry white wines, ros\u00e9 and red wines, as well as Cr\u00e9mant de Luxembourg.<\/em><\/span><\/h5>\n<h5 data-start=\"1346\" data-end=\"1576\"><span style=\"color: #999999;\"><em>At the W\u00e4istuff Deisermill, which offers a picturesque view of the Machtum Moselle Bend, guests can enjoy a glass of wine or Cr\u00e9mant or complete a wine tasting with a traditional winemaker\u2019s platter.<\/em><\/span><\/h5>\n<hr \/>\n<h5 style=\"text-align: left;\"><a href=\"http:\/\/www.pundel-hoffeld.info\" target=\"_blank\" rel=\"noopener\"><img decoding=\"async\" loading=\"lazy\" class=\"wp-image-117 aligncenter\" src=\"https:\/\/machtum-entente.lu\/wp\/wp-content\/uploads\/2014\/09\/logo_Pundel-Hoffeld.jpg\" alt=\"logo_Pundel-Hoffeld\" width=\"400\" height=\"63\" srcset=\"https:\/\/machtum-entente.lu\/wp\/wp-content\/uploads\/2014\/09\/logo_Pundel-Hoffeld.jpg 950w, https:\/\/machtum-entente.lu\/wp\/wp-content\/uploads\/2014\/09\/logo_Pundel-Hoffeld-300x47.jpg 300w\" sizes=\"(max-width: 400px) 100vw, 400px\" \/><\/a><\/h5>\n<h5 data-start=\"1547\" data-end=\"2131\">De Familljebetrieb Pundel\u2011Hoffeld, deem seng Geschicht am 19. Joerhonnert ugefaangen huet, l\u00e4it un e puer vun de renomm\u00e9iertste W\u00e9ngerten an der Regioun. Jos Hoffeld\u2011Schons huet de Betrib vun 1939 bis 1967 gefouert. Vun 1967 un ass de Betrib vun senger Niess Ir\u00e8ne Hoffeld an hirem Mann Lucien Pundel, dem Brudder vum Jupp Pundel, weidergefouert ginn. Claude Pundel huet de W\u00ebnzerhaff 2002 vu sengem Papp iwwerholl.<\/h5>\n<h5 data-start=\"2133\" data-end=\"2885\">An de 1970er Joren goufen Pinot Blanc an Pinot Gris ugeplanzt, 1992 de bekannte Chardonnay an 1993 d\u00e9i rar Drauwesort Muscat Ottonel. 1995 huet Pundel-Hoffeld fir d\u2019\u00e9ischt Schaumw\u00e4in no der traditioneller Fl\u00e4scheg\u00e4runghiergestallt. 1996 gouf Pinot Noir ugeplanzt. Zanter 1999 baut Claude Pundel en Deel vu sengem Pinot Gris als Ros\u00e9w\u00e4in (Gris de Gris) aus. Zanter 2005 geh\u00e9iert hien zu de Pion\u00e9ier, d\u00e9i de Routw\u00e4in Saint Laurent hei am Land nees agefouert hunn. Am Joer 2000 gouf d\u00e9i nei W\u00e4istuff a Betrib geholl.<\/h5>\n<h5 data-start=\"1583\" data-end=\"2033\"><em><span style=\"color: #999999;\">The family winery Pundel\u2011Hoffeld, whose history began in the 19th century, lies alongside some of the most renowned vineyards in the region. Jos Hoffeld\u2011Schons managed the estate from 1939 to 1967. From 1967, the winery was continued by his niece Ir\u00e8ne Hoffeld and her husband Lucien Pundel, brother of Jupp Pundel.<\/span><\/em><\/h5>\n<h5 data-start=\"2035\" data-end=\"2427\"><em><span style=\"color: #999999;\">Claude Pundel took over the estate from his father in 2002. In the 1970s, the grape varieties Pinot Blanc and Pinot Griswere planted, followed by the well-known Chardonnay in 1992 and the rare Muscat Ottonel in 1993.<\/span><\/em><\/h5>\n<h5 data-start=\"2429\" data-end=\"2913\"><em><span style=\"color: #999999;\">In 1995, Pundel-Hoffeld produced sparkling wine using the traditional bottle fermentation method for the first time. Pinot Noir was planted in 1996. Since 1999, Claude Pundel has produced part of his Pinot Gris as a ros\u00e9 wine called Gris de Gris. Since 2005, he has been among the pioneers who reintroduced the red wine Saint Laurent in Luxembourg. In 2000, the new wine tavern was opened.<\/span><\/em><\/h5>\n<hr data-start=\"2915\" data-end=\"2918\" \/>\n<h5 data-start=\"2133\" data-end=\"2885\"><\/h5>\n","protected":false},"excerpt":{"rendered":"<p>Domaines Vinsmoselle gouf am Joer 1966 gegr\u00ebnnt. Mat enger Ubaufl\u00e4ch vun iwwer 800 [&hellip;]<\/p>\n","protected":false},"author":3,"featured_media":0,"parent":6,"menu_order":3,"comment_status":"closed","ping_status":"closed","template":"","meta":{"footnotes":""},"_links":{"self":[{"href":"https:\/\/machtum-entente.lu\/index.php?rest_route=\/wp\/v2\/pages\/109"}],"collection":[{"href":"https:\/\/machtum-entente.lu\/index.php?rest_route=\/wp\/v2\/pages"}],"about":[{"href":"https:\/\/machtum-entente.lu\/index.php?rest_route=\/wp\/v2\/types\/page"}],"author":[{"embeddable":true,"href":"https:\/\/machtum-entente.lu\/index.php?rest_route=\/wp\/v2\/users\/3"}],"replies":[{"embeddable":true,"href":"https:\/\/machtum-entente.lu\/index.php?rest_route=%2Fwp%2Fv2%2Fcomments&post=109"}],"version-history":[{"count":15,"href":"https:\/\/machtum-entente.lu\/index.php?rest_route=\/wp\/v2\/pages\/109\/revisions"}],"predecessor-version":[{"id":1359,"href":"https:\/\/machtum-entente.lu\/index.php?rest_route=\/wp\/v2\/pages\/109\/revisions\/1359"}],"up":[{"embeddable":true,"href":"https:\/\/machtum-entente.lu\/index.php?rest_route=\/wp\/v2\/pages\/6"}],"wp:attachment":[{"href":"https:\/\/machtum-entente.lu\/index.php?rest_route=%2Fwp%2Fv2%2Fmedia&parent=109"}],"curies":[{"name":"wp","href":"https:\/\/api.w.org\/{rel}","templated":true}]}}