{"id":130,"date":"2014-09-21T23:05:34","date_gmt":"2014-09-21T21:05:34","guid":{"rendered":"http:\/\/machtum-entente.lu\/wp\/?page_id=130"},"modified":"2026-03-11T12:27:59","modified_gmt":"2026-03-11T10:27:59","slug":"iwwert-eis","status":"publish","type":"page","link":"https:\/\/machtum-entente.lu\/?page_id=130","title":{"rendered":"IWWERT EIS"},"content":{"rendered":"<h1><\/h1>\n<hr \/>\n<p><img decoding=\"async\" loading=\"lazy\" class=\"alignnone wp-image-515 size-full\" src=\"https:\/\/machtum-entente.lu\/wp\/wp-content\/uploads\/2018\/07\/neieVerain.jpg\" alt=\"\" width=\"1280\" height=\"854\" srcset=\"https:\/\/machtum-entente.lu\/wp\/wp-content\/uploads\/2018\/07\/neieVerain.jpg 1280w, https:\/\/machtum-entente.lu\/wp\/wp-content\/uploads\/2018\/07\/neieVerain-300x200.jpg 300w, https:\/\/machtum-entente.lu\/wp\/wp-content\/uploads\/2018\/07\/neieVerain-768x512.jpg 768w, https:\/\/machtum-entente.lu\/wp\/wp-content\/uploads\/2018\/07\/neieVerain-1024x683.jpg 1024w\" sizes=\"(max-width: 1280px) 100vw, 1280px\" \/><\/p>\n<p data-start=\"25\" data-end=\"236\"><span style=\"color: #000000;\">D\u2019Kultur\u00adliewen zu Machtum huet e staarke Opschwong erlieft dank der Entente Machtum, d\u00e9i den 11. Februar 1968 am Caf\u00e9 Fischer gegr\u00ebnnt gouf.<\/span><\/p>\n<p data-start=\"238\" data-end=\"343\"><span style=\"color: #000000;\">D\u2019Ver\u00e4iner vun der \u201eEntente\u201c sinn: d&#8216; Meechtemer Schliiken, de Gesanksver\u00e4in an den D\u00ebschtennisver\u00e4in.<\/span><\/p>\n<p data-start=\"345\" data-end=\"658\"><span style=\"color: #000000;\">Am M\u00ebttelpunkt vun den Aktivit\u00e9ite vun der Machtumer Entente steet d\u2019Organisatioun vu Fester w\u00e9i Meechtemer W\u00e4in-Schmaachen a Verbindung mam Weinhappening \u2013 dat gr\u00e9isst Fest am Duerf, dat zesumme mam Nopeschuert Nittelgefeiert g\u00ebtt.<\/span><\/p>\n<p data-start=\"660\" data-end=\"793\"><span style=\"color: #000000;\">Schonn am Joer 2007 gouf d\u00ebs grenziwwerschreidend Zesummenaarbecht mat der Auszeechnung \u201eVirbildlecht Europa-Projet\u201c ge\u00e9iert.<\/span><\/p>\n<p data-start=\"818\" data-end=\"1030\"><span style=\"color: #999999;\"><em>The cultural life in Machtum experienced a significant boost thanks to the Entente Machtum, which was founded on 11 February 1968 at Caf\u00e9 Fischer.<\/em><\/span><\/p>\n<p data-start=\"1032\" data-end=\"1161\"><span style=\"color: #999999;\"><em>The associations that form the \u201cEntente\u201d are: the Meechtemer Schliiken, the choir and the table tennis club.<\/em><\/span><\/p>\n<p data-start=\"1163\" data-end=\"1515\"><span style=\"color: #999999;\"><em>The main focus of the Entente\u2019s activities in Machtum is the organization of celebrations such as the Meechtemer W\u00e4in-Schmaachen in connection with the Weinhappening\u2014the largest festival in the village, which is celebrated together with the neighboring town of Nittel.<\/em><\/span><\/p>\n<p data-start=\"1517\" data-end=\"1628\" data-is-last-node=\"\" data-is-only-node=\"\"><span style=\"color: #999999;\"><em>Already in 2007, this cross-border cooperation was honored with the award \u201cExemplary European Project.\u201d<\/em><\/span><\/p>\n<p>&nbsp;<\/p>\n<p>&nbsp;<\/p>\n<hr \/>\n<p style=\"text-align: justify;\">\n","protected":false},"excerpt":{"rendered":"<p>D\u2019Kultur\u00adliewen zu Machtum huet e staarke Opschwong erlieft dank der Entente Machtum, d\u00e9i [&hellip;]<\/p>\n","protected":false},"author":1,"featured_media":0,"parent":6,"menu_order":5,"comment_status":"closed","ping_status":"closed","template":"","meta":{"footnotes":""},"_links":{"self":[{"href":"https:\/\/machtum-entente.lu\/index.php?rest_route=\/wp\/v2\/pages\/130"}],"collection":[{"href":"https:\/\/machtum-entente.lu\/index.php?rest_route=\/wp\/v2\/pages"}],"about":[{"href":"https:\/\/machtum-entente.lu\/index.php?rest_route=\/wp\/v2\/types\/page"}],"author":[{"embeddable":true,"href":"https:\/\/machtum-entente.lu\/index.php?rest_route=\/wp\/v2\/users\/1"}],"replies":[{"embeddable":true,"href":"https:\/\/machtum-entente.lu\/index.php?rest_route=%2Fwp%2Fv2%2Fcomments&post=130"}],"version-history":[{"count":20,"href":"https:\/\/machtum-entente.lu\/index.php?rest_route=\/wp\/v2\/pages\/130\/revisions"}],"predecessor-version":[{"id":1361,"href":"https:\/\/machtum-entente.lu\/index.php?rest_route=\/wp\/v2\/pages\/130\/revisions\/1361"}],"up":[{"embeddable":true,"href":"https:\/\/machtum-entente.lu\/index.php?rest_route=\/wp\/v2\/pages\/6"}],"wp:attachment":[{"href":"https:\/\/machtum-entente.lu\/index.php?rest_route=%2Fwp%2Fv2%2Fmedia&parent=130"}],"curies":[{"name":"wp","href":"https:\/\/api.w.org\/{rel}","templated":true}]}}